{"id":3563,"date":"2022-09-02T10:42:10","date_gmt":"2022-09-02T17:42:10","guid":{"rendered":"https:\/\/www.vanessagemayel.com\/?page_id=3563"},"modified":"2026-04-29T23:44:47","modified_gmt":"2026-04-30T06:44:47","slug":"bio-contact","status":"publish","type":"page","link":"https:\/\/www.vanessagemayel.com\/index.php\/bio-contact\/","title":{"rendered":"Bio"},"content":{"rendered":"\n<figure class=\"wp-block-image size-full\"><img loading=\"lazy\" decoding=\"async\" width=\"768\" height=\"1024\" src=\"https:\/\/www.vanessagemayel.com\/wp-content\/uploads\/2023\/05\/8A8C38E4-FE68-4D77-AEC5-BB58ADD63C03_1_105_c.jpeg\" alt=\"\" class=\"wp-image-4900\" srcset=\"https:\/\/www.vanessagemayel.com\/wp-content\/uploads\/2023\/05\/8A8C38E4-FE68-4D77-AEC5-BB58ADD63C03_1_105_c.jpeg 768w, https:\/\/www.vanessagemayel.com\/wp-content\/uploads\/2023\/05\/8A8C38E4-FE68-4D77-AEC5-BB58ADD63C03_1_105_c-225x300.jpeg 225w\" sizes=\"auto, (max-width: 768px) 100vw, 768px\" \/><\/figure>\n\n\n\n<figure class=\"wp-block-table\"><table><tbody><tr><td>Vanessa Gemayel, born in Paris \u2013 1985, is a musically inclined Lebanese-American painter and writer. Her latest short story\u00a0<em>La chanteuse bleue<\/em>\u00a0\u00a0is published in the book\u00a0<em>Le Cirque<\/em>\u00a0by Diptic Design Agency (Paris, 2021), alongside the drawings of Dominique le Tricoteur and it was selected for the Rare Books &amp; Art Objects Fare at the Grand Palais in Paris (2021).<br>One of her paintings is part of the J.D.Jacquemond fund at the Anatole Jakovsky Museum in Nice, France.\u00a0She\u00a0has completed 7 solo shows in Lebanon\u00a0as well as participated in numerous group exhibitions. She has worked with\u00a0Artlab, Saleh Barakat and is currently represented by A\u00efda Cherfan Fine Art.\u00a0<br>Vanessa also had\u00a0a column entitled\u00a0<em>Les \u00e9toiles d\u00e9cousues<\/em>\u00a0for Ici Beyrouth.<br>She graduated in Political Science from the American University of Beirut (2007) and has studied arts at Chelsea College of Art and Design in London (2012) and at SUNY Purchase in New York (2017).<br>\u00a0<br>\u00a0<br>Vanessa Gemayel, Libano-Am\u00e9ricaine, n\u00e9e \u00e0 Paris en 1985, utilise la musique pour naviguer dans son travail de peinture et d\u2019\u00e9criture. Son dernier texte\u00a0<em>La chanteuse bleue\u00a0<\/em>est publi\u00e9 dans le livre\u00a0<em>Le Cirque<\/em>\u00a0o\u00f9 figurent les dessins de Dominique le Tricoteur \u2013 Diptic\u00a0Design Agency (Paris, 2021)\u00a0; le livre a aussi \u00e9t\u00e9 pr\u00e9sent\u00e9 au Grand Palais (2021) \u00e0 l\u2019occasion du salon de livres rares et d\u2019objets d\u2019art.\u00a0\u00a0<br>Une de ses toiles fait partie du fonds J. D. Jacquemond au Mus\u00e9e Anatole Jakovsky &#8211; Nice, France. Vanessa a r\u00e9alis\u00e9 7 expositions personnelles ainsi qu\u2019a particip\u00e9 \u00e0 de nombreuses expositions de groupe. Elle a travaill\u00e9 avec Artlab, Saleh Barakat et est actuellement repr\u00e9sent\u00e9e par la galerie A\u00efda Cherfan Fine Art.\u00a0<br>Vanessa a \u00e9galement eu une colonne dans Ici Beyrouth intitul\u00e9e\u00a0<em>Les \u00e9toiles d\u00e9cousues.<\/em><br>Elle est dipl\u00f4m\u00e9e en Science Politique de l\u2019universit\u00e9 Am\u00e9ricaine de Beyrouth (2007) et a aussi \u00e9tudi\u00e9 l\u2019art \u00e0 Chelsea College of Art and Design \u00e0 Londres (2012), ainsi qu\u2019\u00e0 SUNY Purchase \u00e0 New York (2017).<br><br>Facebook: VanessaGemayelArt<br>Instagram: Vanessa_Gemayel_Art<\/td><\/tr><\/tbody><\/table><figcaption class=\"wp-element-caption\"><br><\/figcaption><\/figure>\n","protected":false},"excerpt":{"rendered":"<p>Vanessa Gemayel, born in Paris \u2013 1985, is a musically inclined Lebanese-American painter and writer. Her latest short story\u00a0La chanteuse bleue\u00a0\u00a0is published in the book\u00a0Le &hellip; <span class=\"read-more-link\"><a class=\"read-more\" href=\"https:\/\/www.vanessagemayel.com\/index.php\/bio-contact\/\">Read More &rsaquo;<\/a><\/span><\/p>\n","protected":false},"author":2,"featured_media":0,"parent":0,"menu_order":0,"comment_status":"closed","ping_status":"closed","template":"","meta":{"_monsterinsights_skip_tracking":false,"_monsterinsights_sitenote_active":false,"_monsterinsights_sitenote_note":"","_monsterinsights_sitenote_category":0,"footnotes":""},"class_list":["post-3563","page","type-page","status-publish","hentry"],"_links":{"self":[{"href":"https:\/\/www.vanessagemayel.com\/index.php\/wp-json\/wp\/v2\/pages\/3563","targetHints":{"allow":["GET"]}}],"collection":[{"href":"https:\/\/www.vanessagemayel.com\/index.php\/wp-json\/wp\/v2\/pages"}],"about":[{"href":"https:\/\/www.vanessagemayel.com\/index.php\/wp-json\/wp\/v2\/types\/page"}],"author":[{"embeddable":true,"href":"https:\/\/www.vanessagemayel.com\/index.php\/wp-json\/wp\/v2\/users\/2"}],"replies":[{"embeddable":true,"href":"https:\/\/www.vanessagemayel.com\/index.php\/wp-json\/wp\/v2\/comments?post=3563"}],"version-history":[{"count":14,"href":"https:\/\/www.vanessagemayel.com\/index.php\/wp-json\/wp\/v2\/pages\/3563\/revisions"}],"predecessor-version":[{"id":5140,"href":"https:\/\/www.vanessagemayel.com\/index.php\/wp-json\/wp\/v2\/pages\/3563\/revisions\/5140"}],"wp:attachment":[{"href":"https:\/\/www.vanessagemayel.com\/index.php\/wp-json\/wp\/v2\/media?parent=3563"}],"curies":[{"name":"wp","href":"https:\/\/api.w.org\/{rel}","templated":true}]}}